{"id":3201,"date":"2024-03-30T19:44:46","date_gmt":"2024-03-30T19:44:46","guid":{"rendered":"http:\/\/chantalettonyrestaurant.ca\/?page_id=3201"},"modified":"2024-03-30T19:54:21","modified_gmt":"2024-03-30T19:54:21","slug":"politique-de-confidentialite","status":"publish","type":"page","link":"https:\/\/chantalettonyrestaurant.ca\/en\/politique-de-confidentialite\/","title":{"rendered":"Privacy policy"},"content":{"rendered":"<p><strong>Chantal et Tony restaurant<\/strong> s\u2019engage \u00e0 prot\u00e9ger la confidentialit\u00e9 et la s\u00e9curit\u00e9 de vos informations personnelles. Cette politique de confidentialit\u00e9 d\u00e9crit comment nous collectons, utilisons et prot\u00e9geons vos informations personnelles lorsque vous visitez notre site web.<\/p>\n\n\n\n<h2 class=\"wp-block-heading\">Collecte de vos informations personnelles<\/h2>\n\n\n\n<p>Nous collectons des informations personnelles identifiables, telles que votre nom, votre adresse e-mail et votre num\u00e9ro de t\u00e9l\u00e9phone, uniquement si vous choisissez de nous les fournir volontairement en remplissant un formulaire de contact sur notre site web.<\/p>\n\n\n\n<h2 class=\"wp-block-heading\">Utilisation de vos informations personnelles<\/h2>\n\n\n\n<p>Nous utilisons les informations personnelles que vous nous fournissez pour r\u00e9pondre \u00e0 vos demandes et pour vous fournir des informations sur nos produits et services. Nous pouvons \u00e9galement utiliser vos informations personnelles pour am\u00e9liorer nos produits et services.<\/p>\n\n\n\n<h2 class=\"wp-block-heading\">Protection de vos informations personnelles<\/h2>\n\n\n\n<p>Nous prenons la s\u00e9curit\u00e9 de vos informations personnelles tr\u00e8s au s\u00e9rieux et mettons en place des mesures de s\u00e9curit\u00e9 appropri\u00e9es pour prot\u00e9ger vos informations contre la perte, l\u2019utilisation abusive et l\u2019acc\u00e8s non autoris\u00e9.<\/p>\n\n\n\n<p>Nous utilisons une technologie de cryptage pour prot\u00e9ger vos informations personnelles lors de leur transmission sur Internet.<\/p>\n\n\n\n<h2 class=\"wp-block-heading\">Cookies<\/h2>\n\n\n\n<p>Notre site web utilise des cookies pour am\u00e9liorer votre exp\u00e9rience de navigation. Les cookies sont de petits fichiers de donn\u00e9es qui sont stock\u00e9s sur votre ordinateur lorsque vous visitez notre site web. Les cookies nous permettent de suivre les pr\u00e9f\u00e9rences de nos visiteurs et de personnaliser le contenu de notre site web en cons\u00e9quence.<\/p>\n\n\n\n<p>Vous pouvez configurer votre navigateur pour refuser tous les cookies ou pour vous alerter lorsque des cookies sont envoy\u00e9s. Cependant, si vous choisissez de d\u00e9sactiver les cookies, certaines parties de notre site web pourraient ne pas fonctionner correctement.<\/p>\n\n\n\n<h2 class=\"wp-block-heading\">Modifications de cette politique de confidentialit\u00e9<\/h2>\n\n\n\n<p>Nous nous r\u00e9servons le droit de modifier cette politique de confidentialit\u00e9 \u00e0 tout moment. Les modifications prendront effet imm\u00e9diatement apr\u00e8s leur publication sur notre site web. Nous vous encourageons \u00e0 consulter r\u00e9guli\u00e8rement cette politique de confidentialit\u00e9 pour \u00eatre inform\u00e9 des \u00e9ventuelles modifications.<\/p>\n\n\n\n<h2 class=\"wp-block-heading\">Contactez-nous<\/h2>\n\n\n\n<p>Si vous avez des questions concernant notre politique de confidentialit\u00e9, veuillez nous contacter \u00e0 l\u2019adresse e-mail suivante :\u00a0<a href=\"mailto:restaurant@lebalmoral.ca\">restaurant@lebalmoral.ca<\/a>.<\/p>\n\n\n\n<p>Merci de votre confiance.<\/p>","protected":false},"excerpt":{"rendered":"<p>Chantal et Tony restaurant s\u2019engage \u00e0 prot\u00e9ger la confidentialit\u00e9 et la s\u00e9curit\u00e9 de vos informations personnelles. Cette politique de confidentialit\u00e9 d\u00e9crit comment nous collectons, utilisons et prot\u00e9geons vos informations personnelles lorsque vous visitez notre site web. Collecte de vos informations personnelles Nous collectons des informations personnelles identifiables, telles que votre nom, votre adresse e-mail et [&hellip;]<\/p>\n","protected":false},"author":1,"featured_media":0,"parent":0,"menu_order":0,"comment_status":"closed","ping_status":"closed","template":"","meta":{"_et_pb_use_builder":"off","_et_pb_old_content":"","_et_gb_content_width":"","footnotes":""},"class_list":["post-3201","page","type-page","status-publish","hentry"],"yoast_head":"<!-- This site is optimized with the Yoast SEO plugin v27.3 - https:\/\/yoast.com\/product\/yoast-seo-wordpress\/ -->\n<title>Politique de confidentialit\u00e9 | Chantal et Tony Restaurant<\/title>\n<meta name=\"robots\" content=\"noindex, nofollow\" \/>\n<meta property=\"og:locale\" content=\"en_US\" \/>\n<meta property=\"og:type\" content=\"article\" \/>\n<meta property=\"og:title\" content=\"Politique de confidentialit\u00e9 | Chantal et Tony Restaurant\" \/>\n<meta property=\"og:description\" content=\"Chantal et Tony restaurant s\u2019engage \u00e0 prot\u00e9ger la confidentialit\u00e9 et la s\u00e9curit\u00e9 de vos informations personnelles. Cette politique de confidentialit\u00e9 d\u00e9crit comment nous collectons, utilisons et prot\u00e9geons vos informations personnelles lorsque vous visitez notre site web. Collecte de vos informations personnelles Nous collectons des informations personnelles identifiables, telles que votre nom, votre adresse e-mail et [&hellip;]\" \/>\n<meta property=\"og:url\" content=\"https:\/\/chantalettonyrestaurant.ca\/en\/politique-de-confidentialite\/\" \/>\n<meta property=\"og:site_name\" content=\"Chantal et Tony Restaurant\" \/>\n<meta property=\"article:modified_time\" content=\"2024-03-30T19:54:21+00:00\" \/>\n<meta property=\"og:image\" content=\"https:\/\/chantalettonyrestaurant.ca\/wp-content\/uploads\/2024\/03\/chantal-et-tony-restaurant-logo-3.jpg\" \/>\n\t<meta property=\"og:image:width\" content=\"500\" \/>\n\t<meta property=\"og:image:height\" content=\"500\" \/>\n\t<meta property=\"og:image:type\" content=\"image\/jpeg\" \/>\n<meta name=\"twitter:card\" content=\"summary_large_image\" \/>\n<meta name=\"twitter:label1\" content=\"Est. reading time\" \/>\n\t<meta name=\"twitter:data1\" content=\"2 minutes\" \/>\n<script type=\"application\/ld+json\" class=\"yoast-schema-graph\">{\"@context\":\"https:\\\/\\\/schema.org\",\"@graph\":[{\"@type\":\"WebPage\",\"@id\":\"https:\\\/\\\/chantalettonyrestaurant.ca\\\/politique-de-confidentialite\\\/\",\"url\":\"https:\\\/\\\/chantalettonyrestaurant.ca\\\/politique-de-confidentialite\\\/\",\"name\":\"Politique de confidentialit\u00e9 | Chantal et Tony Restaurant\",\"isPartOf\":{\"@id\":\"https:\\\/\\\/chantalettonyrestaurant.ca\\\/#website\"},\"datePublished\":\"2024-03-30T19:44:46+00:00\",\"dateModified\":\"2024-03-30T19:54:21+00:00\",\"breadcrumb\":{\"@id\":\"https:\\\/\\\/chantalettonyrestaurant.ca\\\/politique-de-confidentialite\\\/#breadcrumb\"},\"inLanguage\":\"en-CA\",\"potentialAction\":[{\"@type\":\"ReadAction\",\"target\":[\"https:\\\/\\\/chantalettonyrestaurant.ca\\\/politique-de-confidentialite\\\/\"]}]},{\"@type\":\"BreadcrumbList\",\"@id\":\"https:\\\/\\\/chantalettonyrestaurant.ca\\\/politique-de-confidentialite\\\/#breadcrumb\",\"itemListElement\":[{\"@type\":\"ListItem\",\"position\":1,\"name\":\"Accueil\",\"item\":\"https:\\\/\\\/chantalettonyrestaurant.ca\\\/\"},{\"@type\":\"ListItem\",\"position\":2,\"name\":\"Politique de confidentialit\u00e9\"}]},{\"@type\":\"WebSite\",\"@id\":\"https:\\\/\\\/chantalettonyrestaurant.ca\\\/#website\",\"url\":\"https:\\\/\\\/chantalettonyrestaurant.ca\\\/\",\"name\":\"Chantal et Tony Restaurant\",\"description\":\"100 rue Balmoral, Morin-Heights\",\"publisher\":{\"@id\":\"https:\\\/\\\/chantalettonyrestaurant.ca\\\/#organization\"},\"potentialAction\":[{\"@type\":\"SearchAction\",\"target\":{\"@type\":\"EntryPoint\",\"urlTemplate\":\"https:\\\/\\\/chantalettonyrestaurant.ca\\\/?s={search_term_string}\"},\"query-input\":{\"@type\":\"PropertyValueSpecification\",\"valueRequired\":true,\"valueName\":\"search_term_string\"}}],\"inLanguage\":\"en-CA\"},{\"@type\":\"Organization\",\"@id\":\"https:\\\/\\\/chantalettonyrestaurant.ca\\\/#organization\",\"name\":\"Chantal et Tony Restaurant\",\"url\":\"https:\\\/\\\/chantalettonyrestaurant.ca\\\/\",\"logo\":{\"@type\":\"ImageObject\",\"inLanguage\":\"en-CA\",\"@id\":\"https:\\\/\\\/chantalettonyrestaurant.ca\\\/#\\\/schema\\\/logo\\\/image\\\/\",\"url\":\"http:\\\/\\\/chantalettonyrestaurant.ca\\\/wp-content\\\/uploads\\\/2024\\\/03\\\/chantal-et-tony-restaurant-logo-3.jpg\",\"contentUrl\":\"http:\\\/\\\/chantalettonyrestaurant.ca\\\/wp-content\\\/uploads\\\/2024\\\/03\\\/chantal-et-tony-restaurant-logo-3.jpg\",\"width\":500,\"height\":500,\"caption\":\"Chantal et Tony Restaurant\"},\"image\":{\"@id\":\"https:\\\/\\\/chantalettonyrestaurant.ca\\\/#\\\/schema\\\/logo\\\/image\\\/\"}}]}<\/script>\n<!-- \/ Yoast SEO plugin. -->","yoast_head_json":{"title":"Politique de confidentialit\u00e9 | Chantal et Tony Restaurant","robots":{"index":"noindex","follow":"nofollow"},"og_locale":"en_US","og_type":"article","og_title":"Politique de confidentialit\u00e9 | Chantal et Tony Restaurant","og_description":"Chantal et Tony restaurant s\u2019engage \u00e0 prot\u00e9ger la confidentialit\u00e9 et la s\u00e9curit\u00e9 de vos informations personnelles. Cette politique de confidentialit\u00e9 d\u00e9crit comment nous collectons, utilisons et prot\u00e9geons vos informations personnelles lorsque vous visitez notre site web. Collecte de vos informations personnelles Nous collectons des informations personnelles identifiables, telles que votre nom, votre adresse e-mail et [&hellip;]","og_url":"https:\/\/chantalettonyrestaurant.ca\/en\/politique-de-confidentialite\/","og_site_name":"Chantal et Tony Restaurant","article_modified_time":"2024-03-30T19:54:21+00:00","og_image":[{"width":500,"height":500,"url":"https:\/\/chantalettonyrestaurant.ca\/wp-content\/uploads\/2024\/03\/chantal-et-tony-restaurant-logo-3.jpg","type":"image\/jpeg"}],"twitter_card":"summary_large_image","twitter_misc":{"Est. reading time":"2 minutes"},"schema":{"@context":"https:\/\/schema.org","@graph":[{"@type":"WebPage","@id":"https:\/\/chantalettonyrestaurant.ca\/politique-de-confidentialite\/","url":"https:\/\/chantalettonyrestaurant.ca\/politique-de-confidentialite\/","name":"Politique de confidentialit\u00e9 | Chantal et Tony Restaurant","isPartOf":{"@id":"https:\/\/chantalettonyrestaurant.ca\/#website"},"datePublished":"2024-03-30T19:44:46+00:00","dateModified":"2024-03-30T19:54:21+00:00","breadcrumb":{"@id":"https:\/\/chantalettonyrestaurant.ca\/politique-de-confidentialite\/#breadcrumb"},"inLanguage":"en-CA","potentialAction":[{"@type":"ReadAction","target":["https:\/\/chantalettonyrestaurant.ca\/politique-de-confidentialite\/"]}]},{"@type":"BreadcrumbList","@id":"https:\/\/chantalettonyrestaurant.ca\/politique-de-confidentialite\/#breadcrumb","itemListElement":[{"@type":"ListItem","position":1,"name":"Accueil","item":"https:\/\/chantalettonyrestaurant.ca\/"},{"@type":"ListItem","position":2,"name":"Politique de confidentialit\u00e9"}]},{"@type":"WebSite","@id":"https:\/\/chantalettonyrestaurant.ca\/#website","url":"https:\/\/chantalettonyrestaurant.ca\/","name":"Chantal et Tony Restaurant","description":"100 rue Balmoral, Morin-Heights","publisher":{"@id":"https:\/\/chantalettonyrestaurant.ca\/#organization"},"potentialAction":[{"@type":"SearchAction","target":{"@type":"EntryPoint","urlTemplate":"https:\/\/chantalettonyrestaurant.ca\/?s={search_term_string}"},"query-input":{"@type":"PropertyValueSpecification","valueRequired":true,"valueName":"search_term_string"}}],"inLanguage":"en-CA"},{"@type":"Organization","@id":"https:\/\/chantalettonyrestaurant.ca\/#organization","name":"Chantal et Tony Restaurant","url":"https:\/\/chantalettonyrestaurant.ca\/","logo":{"@type":"ImageObject","inLanguage":"en-CA","@id":"https:\/\/chantalettonyrestaurant.ca\/#\/schema\/logo\/image\/","url":"http:\/\/chantalettonyrestaurant.ca\/wp-content\/uploads\/2024\/03\/chantal-et-tony-restaurant-logo-3.jpg","contentUrl":"http:\/\/chantalettonyrestaurant.ca\/wp-content\/uploads\/2024\/03\/chantal-et-tony-restaurant-logo-3.jpg","width":500,"height":500,"caption":"Chantal et Tony Restaurant"},"image":{"@id":"https:\/\/chantalettonyrestaurant.ca\/#\/schema\/logo\/image\/"}}]}},"_links":{"self":[{"href":"https:\/\/chantalettonyrestaurant.ca\/en\/wp-json\/wp\/v2\/pages\/3201","targetHints":{"allow":["GET"]}}],"collection":[{"href":"https:\/\/chantalettonyrestaurant.ca\/en\/wp-json\/wp\/v2\/pages"}],"about":[{"href":"https:\/\/chantalettonyrestaurant.ca\/en\/wp-json\/wp\/v2\/types\/page"}],"author":[{"embeddable":true,"href":"https:\/\/chantalettonyrestaurant.ca\/en\/wp-json\/wp\/v2\/users\/1"}],"replies":[{"embeddable":true,"href":"https:\/\/chantalettonyrestaurant.ca\/en\/wp-json\/wp\/v2\/comments?post=3201"}],"version-history":[{"count":4,"href":"https:\/\/chantalettonyrestaurant.ca\/en\/wp-json\/wp\/v2\/pages\/3201\/revisions"}],"predecessor-version":[{"id":3206,"href":"https:\/\/chantalettonyrestaurant.ca\/en\/wp-json\/wp\/v2\/pages\/3201\/revisions\/3206"}],"wp:attachment":[{"href":"https:\/\/chantalettonyrestaurant.ca\/en\/wp-json\/wp\/v2\/media?parent=3201"}],"curies":[{"name":"wp","href":"https:\/\/api.w.org\/{rel}","templated":true}]}}